{"id":623,"date":"2022-07-31T18:20:37","date_gmt":"2022-07-31T21:20:37","guid":{"rendered":"https:\/\/fixerengenharia.com.br\/?page_id=623"},"modified":"2022-07-31T19:30:02","modified_gmt":"2022-07-31T22:30:02","slug":"sobre-nos","status":"publish","type":"page","link":"https:\/\/fixerengenharia.com.br\/index.php\/sobre-nos\/","title":{"rendered":"Sobre N\u00f3s"},"content":{"rendered":"\t\t<div data-elementor-type=\"wp-page\" data-elementor-id=\"623\" class=\"elementor elementor-623\">\n\t\t\t\t\t\t<section class=\"elementor-section elementor-top-section elementor-element elementor-element-af98800 elementor-section-height-full elementor-section-boxed elementor-section-height-default elementor-section-items-middle\" data-id=\"af98800\" data-element_type=\"section\" data-e-type=\"section\" data-settings=\"{&quot;background_background&quot;:&quot;classic&quot;}\">\n\t\t\t\t\t\t\t<div class=\"elementor-background-overlay\"><\/div>\n\t\t\t\t\t\t\t<div class=\"elementor-container elementor-column-gap-no\">\n\t\t\t\t\t<div class=\"elementor-column elementor-col-100 elementor-top-column elementor-element elementor-element-c0e48b6\" data-id=\"c0e48b6\" data-element_type=\"column\" data-e-type=\"column\">\n\t\t\t<div class=\"elementor-widget-wrap elementor-element-populated\">\n\t\t\t\t\t\t<section class=\"elementor-section elementor-inner-section elementor-element elementor-element-e1e66cb elementor-section-boxed elementor-section-height-default elementor-section-height-default elementor-invisible\" data-id=\"e1e66cb\" data-element_type=\"section\" data-e-type=\"section\" data-settings=\"{&quot;animation&quot;:&quot;fadeInUp&quot;}\">\n\t\t\t\t\t\t<div class=\"elementor-container elementor-column-gap-no\">\n\t\t\t\t\t<div class=\"elementor-column elementor-col-100 elementor-inner-column elementor-element elementor-element-0e1dada\" data-id=\"0e1dada\" data-element_type=\"column\" data-e-type=\"column\">\n\t\t\t<div class=\"elementor-widget-wrap elementor-element-populated\">\n\t\t\t\t\t\t<div class=\"elementor-element elementor-element-58981a4 elementor-widget elementor-widget-heading\" data-id=\"58981a4\" data-element_type=\"widget\" data-e-type=\"widget\" data-widget_type=\"heading.default\">\n\t\t\t\t<div class=\"elementor-widget-container\">\n\t\t\t\t\t<h3 class=\"elementor-heading-title elementor-size-default\">SOBRE N\u00d3S<\/h3>\t\t\t\t<\/div>\n\t\t\t\t<\/div>\n\t\t\t\t<div class=\"elementor-element elementor-element-33bcc1a elementor-widget elementor-widget-text-editor\" data-id=\"33bcc1a\" data-element_type=\"widget\" data-e-type=\"widget\" data-widget_type=\"text-editor.default\">\n\t\t\t\t<div class=\"elementor-widget-container\">\n\t\t\t\t\t\t\t\t\t<p>A Fixer Engenharia nasceu para propor solu\u00e7\u00f5es eficazes na \u00e1rea de constru\u00e7\u00e3o civil e industrial. Entendemos a import\u00e2ncia de economizar recursos e ao mesmo tempo entregar um empreendimento de qualidade, assim como entendemos que o planejamento e controle \u00e9 uma solu\u00e7\u00e3o para evitar desperd\u00edcios e eventuais preju\u00edzos.<\/p><p>\u00a0 \u00a0 \u00a0 \u00a0 \u00a0 Trabalhamos com BIM (Building Information Model) em nossos projetos complementares com o foco de entregar um projeto de qualidade, compat\u00edvel e racional, com lista de materiais completas e imagens 3D para seu desenvolvimento. Entre em contato e conhe\u00e7a nossa equipe multidisciplinar composta por engenheiros civis, mec\u00e2nicos e arquitetos!<\/p>\t\t\t\t\t\t\t\t<\/div>\n\t\t\t\t<\/div>\n\t\t\t\t\t<\/div>\n\t\t<\/div>\n\t\t\t\t\t<\/div>\n\t\t<\/section>\n\t\t\t\t\t<\/div>\n\t\t<\/div>\n\t\t\t\t\t<\/div>\n\t\t<\/section>\n\t\t\t\t<section class=\"elementor-section elementor-top-section elementor-element elementor-element-abbcd79 elementor-section-boxed elementor-section-height-default elementor-section-height-default\" data-id=\"abbcd79\" data-element_type=\"section\" data-e-type=\"section\" data-settings=\"{&quot;background_background&quot;:&quot;classic&quot;}\">\n\t\t\t\t\t\t<div class=\"elementor-container elementor-column-gap-no\">\n\t\t\t\t\t<div class=\"elementor-column elementor-col-33 elementor-top-column elementor-element elementor-element-225a20d\" data-id=\"225a20d\" data-element_type=\"column\" data-e-type=\"column\">\n\t\t\t<div class=\"elementor-widget-wrap elementor-element-populated\">\n\t\t\t\t\t\t<div class=\"elementor-element elementor-element-ccbab88 elementor-position-top elementor-invisible elementor-widget elementor-widget-image-box\" data-id=\"ccbab88\" data-element_type=\"widget\" data-e-type=\"widget\" data-settings=\"{&quot;_animation&quot;:&quot;fadeInUp&quot;,&quot;_animation_delay&quot;:200}\" data-widget_type=\"image-box.default\">\n\t\t\t\t<div class=\"elementor-widget-container\">\n\t\t\t\t\t<div class=\"elementor-image-box-wrapper\"><figure class=\"elementor-image-box-img\"><img decoding=\"async\" width=\"173\" height=\"173\" src=\"https:\/\/fixerengenharia.com.br\/wp-content\/uploads\/2022\/07\/1-2-e1659306557355.png\" class=\"attachment-full size-full wp-image-644\" alt=\"\" srcset=\"https:\/\/fixerengenharia.com.br\/wp-content\/uploads\/2022\/07\/1-2-e1659306557355.png 173w, https:\/\/fixerengenharia.com.br\/wp-content\/uploads\/2022\/07\/1-2-e1659306557355-150x150.png 150w\" sizes=\"(max-width: 173px) 100vw, 173px\" \/><\/figure><div class=\"elementor-image-box-content\"><h3 class=\"elementor-image-box-title\">Miss\u00e3o<\/h3><p class=\"elementor-image-box-description\">Viabilizar sonhos atrav\u00e9s de solu\u00e7\u00f5es t\u00e9cnicas visando a efici\u00eancia, qualidade e seguran\u00e7a.<\/p><\/div><\/div>\t\t\t\t<\/div>\n\t\t\t\t<\/div>\n\t\t\t\t\t<\/div>\n\t\t<\/div>\n\t\t\t\t<div class=\"elementor-column elementor-col-33 elementor-top-column elementor-element elementor-element-83dab0d\" data-id=\"83dab0d\" data-element_type=\"column\" data-e-type=\"column\">\n\t\t\t<div class=\"elementor-widget-wrap elementor-element-populated\">\n\t\t\t\t\t\t<div class=\"elementor-element elementor-element-d8901d2 elementor-position-top elementor-invisible elementor-widget elementor-widget-image-box\" data-id=\"d8901d2\" data-element_type=\"widget\" data-e-type=\"widget\" data-settings=\"{&quot;_animation&quot;:&quot;fadeInUp&quot;,&quot;_animation_delay&quot;:400}\" data-widget_type=\"image-box.default\">\n\t\t\t\t<div class=\"elementor-widget-container\">\n\t\t\t\t\t<div class=\"elementor-image-box-wrapper\"><figure class=\"elementor-image-box-img\"><img decoding=\"async\" width=\"173\" height=\"173\" src=\"https:\/\/fixerengenharia.com.br\/wp-content\/uploads\/2022\/07\/2-1-e1659306574449.png\" class=\"attachment-full size-full wp-image-645\" alt=\"\" srcset=\"https:\/\/fixerengenharia.com.br\/wp-content\/uploads\/2022\/07\/2-1-e1659306574449.png 173w, https:\/\/fixerengenharia.com.br\/wp-content\/uploads\/2022\/07\/2-1-e1659306574449-150x150.png 150w\" sizes=\"(max-width: 173px) 100vw, 173px\" \/><\/figure><div class=\"elementor-image-box-content\"><h3 class=\"elementor-image-box-title\">Vis\u00e3o<\/h3><p class=\"elementor-image-box-description\">Reconhecimento nacional no ramo de atua\u00e7\u00e3o, participando ativamente no desenvolvimento da engenharia adotando pr\u00e1ticas sustent\u00e1veis.<\/p><\/div><\/div>\t\t\t\t<\/div>\n\t\t\t\t<\/div>\n\t\t\t\t\t<\/div>\n\t\t<\/div>\n\t\t\t\t<div class=\"elementor-column elementor-col-33 elementor-top-column elementor-element elementor-element-f5c5375\" data-id=\"f5c5375\" data-element_type=\"column\" data-e-type=\"column\">\n\t\t\t<div class=\"elementor-widget-wrap elementor-element-populated\">\n\t\t\t\t\t\t<div class=\"elementor-element elementor-element-621b669 elementor-position-top elementor-invisible elementor-widget elementor-widget-image-box\" data-id=\"621b669\" data-element_type=\"widget\" data-e-type=\"widget\" data-settings=\"{&quot;_animation&quot;:&quot;fadeInUp&quot;,&quot;_animation_delay&quot;:600}\" data-widget_type=\"image-box.default\">\n\t\t\t\t<div class=\"elementor-widget-container\">\n\t\t\t\t\t<div class=\"elementor-image-box-wrapper\"><figure class=\"elementor-image-box-img\"><img decoding=\"async\" width=\"173\" height=\"173\" src=\"https:\/\/fixerengenharia.com.br\/wp-content\/uploads\/2022\/07\/3-1-e1659306587763.png\" class=\"attachment-full size-full wp-image-643\" alt=\"\" srcset=\"https:\/\/fixerengenharia.com.br\/wp-content\/uploads\/2022\/07\/3-1-e1659306587763.png 173w, https:\/\/fixerengenharia.com.br\/wp-content\/uploads\/2022\/07\/3-1-e1659306587763-150x150.png 150w\" sizes=\"(max-width: 173px) 100vw, 173px\" \/><\/figure><div class=\"elementor-image-box-content\"><h3 class=\"elementor-image-box-title\">Valores<\/h3><p class=\"elementor-image-box-description\">Satisfa\u00e7\u00e3o do cliente propondo solu\u00e7\u00f5es seguras com base nos ciclos de melhoria cont\u00ednua para a constante evolu\u00e7\u00e3o com integridade e \u00e9tica nos processos envolvidos e procuramos trabalhar em completa harmonia com os arquitetos envolvidos nos projetos e seus clientes finais.<\/p><\/div><\/div>\t\t\t\t<\/div>\n\t\t\t\t<\/div>\n\t\t\t\t\t<\/div>\n\t\t<\/div>\n\t\t\t\t\t<\/div>\n\t\t<\/section>\n\t\t\t\t<\/div>\n\t\t","protected":false},"excerpt":{"rendered":"<p>SOBRE N\u00d3S A Fixer Engenharia nasceu para propor solu\u00e7\u00f5es eficazes na \u00e1rea de constru\u00e7\u00e3o civil e industrial. Entendemos a import\u00e2ncia de economizar recursos e ao mesmo tempo entregar um empreendimento de qualidade, assim como entendemos que o planejamento e controle \u00e9 uma solu\u00e7\u00e3o para evitar desperd\u00edcios e eventuais preju\u00edzos. \u00a0 \u00a0 \u00a0 \u00a0 \u00a0 Trabalhamos [&hellip;]<\/p>\n","protected":false},"author":1,"featured_media":0,"parent":0,"menu_order":0,"comment_status":"closed","ping_status":"closed","template":"elementor_header_footer","meta":{"footnotes":""},"class_list":["post-623","page","type-page","status-publish","hentry"],"aioseo_notices":[],"_links":{"self":[{"href":"https:\/\/fixerengenharia.com.br\/index.php\/wp-json\/wp\/v2\/pages\/623","targetHints":{"allow":["GET"]}}],"collection":[{"href":"https:\/\/fixerengenharia.com.br\/index.php\/wp-json\/wp\/v2\/pages"}],"about":[{"href":"https:\/\/fixerengenharia.com.br\/index.php\/wp-json\/wp\/v2\/types\/page"}],"author":[{"embeddable":true,"href":"https:\/\/fixerengenharia.com.br\/index.php\/wp-json\/wp\/v2\/users\/1"}],"replies":[{"embeddable":true,"href":"https:\/\/fixerengenharia.com.br\/index.php\/wp-json\/wp\/v2\/comments?post=623"}],"version-history":[{"count":19,"href":"https:\/\/fixerengenharia.com.br\/index.php\/wp-json\/wp\/v2\/pages\/623\/revisions"}],"predecessor-version":[{"id":648,"href":"https:\/\/fixerengenharia.com.br\/index.php\/wp-json\/wp\/v2\/pages\/623\/revisions\/648"}],"wp:attachment":[{"href":"https:\/\/fixerengenharia.com.br\/index.php\/wp-json\/wp\/v2\/media?parent=623"}],"curies":[{"name":"wp","href":"https:\/\/api.w.org\/{rel}","templated":true}]}}